{"id":251,"date":"2022-01-20T11:16:57","date_gmt":"2022-01-20T11:16:57","guid":{"rendered":"https:\/\/catedrapwe.webs.upv.es\/?page_id=251"},"modified":"2022-02-28T09:34:12","modified_gmt":"2022-02-28T09:34:12","slug":"blog-noticias","status":"publish","type":"page","link":"https:\/\/catedrapwe.webs.upv.es\/index.php\/blog-noticias\/","title":{"rendered":"Noticias"},"content":{"rendered":"\n<div class=\"wp-block-cover alignfull\"><span aria-hidden=\"true\" class=\"wp-block-cover__gradient-background has-background-dim\"><\/span><img loading=\"lazy\" decoding=\"async\" width=\"1920\" height=\"1280\" class=\"wp-block-cover__image-background wp-image-243\" alt=\"\" src=\"https:\/\/catedrapwe.webs.upv.es\/wp-content\/uploads\/2022\/01\/POWER-14-1.jpg\" data-object-fit=\"cover\" srcset=\"https:\/\/catedrapwe.webs.upv.es\/wp-content\/uploads\/2022\/01\/POWER-14-1.jpg 1920w, https:\/\/catedrapwe.webs.upv.es\/wp-content\/uploads\/2022\/01\/POWER-14-1-300x200.jpg 300w, https:\/\/catedrapwe.webs.upv.es\/wp-content\/uploads\/2022\/01\/POWER-14-1-1024x683.jpg 1024w, https:\/\/catedrapwe.webs.upv.es\/wp-content\/uploads\/2022\/01\/POWER-14-1-768x512.jpg 768w, https:\/\/catedrapwe.webs.upv.es\/wp-content\/uploads\/2022\/01\/POWER-14-1-1536x1024.jpg 1536w\" sizes=\"auto, (max-width: 1920px) 100vw, 1920px\" \/><div class=\"wp-block-cover__inner-container is-layout-flow wp-block-cover-is-layout-flow\">\n<h1 class=\"alignfull has-text-align-center wp-block-heading\">Noticias<\/h1>\n<\/div><\/div>\n\n\n\n<hr class=\"wp-block-separator has-text-color has-background has-ast-global-color-5-background-color has-ast-global-color-5-color is-style-default\"\/>\n\n\n\n\t\t\t<div class=\"wp-block-uagb-post-grid uagb-post-grid  uagb-post__image-position-top uagb-post__image-enabled uagb-block-48db9066     uagb-post__items uagb-post__columns-3 is-grid uagb-post__columns-tablet-2 uagb-post__columns-mobile-1 uagb-post__equal-height\" data-total=\"2\" style=\"\">\n\n\t\t\t\t\t\t\t\t\t\t\t\t<article class=\"uagb-post__inner-wrap\">\t\t\t\t\t\t\t\t<h4 class=\"uagb-post__title uagb-post__text\">\n\t\t\t\t<a href=\"https:\/\/catedrapwe.webs.upv.es\/index.php\/2025\/02\/03\/entrega-premio-mejor-tfg-2023-2024\/\" target=\"_self\" rel=\"bookmark noopener noreferrer\">Entrega premio mejor TFG 2023\/2024 \ud83c\udfc6<\/a>\n\t\t\t<\/h4>\n\t\t\t\t\t\t<div class='uagb-post__text uagb-post-grid-byline'>\n\t\t\t\t\t\t\t\t<time datetime=\"2025-02-03T14:23:09+00:00\" class=\"uagb-post__date\">\n\t\t\t\t<span class=\"dashicons-calendar dashicons\"><\/span>\t\t\t\t\tfebrero 3, 2025\t\t\t\t<\/time>\n\t\t\t\t\t\t<\/div>\n\t\t\t\t\t\t\t<div class='uagb-post__text uagb-post__excerpt'>\n\t\t\t\t\t<p>El martes 21 de enero se celebr\u00f3 en el Campus de Power Electronics la entrega&#8230;\t\t\t\t<\/div>\n\t\t\t\t\t\t<div class=\"uagb-post__text uagb-post__cta wp-block-button\">\n\t\t\t\t<a class=\"wp-block-button__link uagb-text-link\" style=\"\" href=\"https:\/\/catedrapwe.webs.upv.es\/index.php\/2025\/02\/03\/entrega-premio-mejor-tfg-2023-2024\/\" target=\"_self\" rel=\"bookmark noopener noreferrer\">Leer m\u00e1s<\/a>\n\t\t\t<\/div>\n\t\t\t\n\t\t\t\t\t\t\t\t\t<\/article>\n\t\t\t\t\t\t\t\t\t\t\t\t\t\t\t\t<article class=\"uagb-post__inner-wrap\">\t\t\t\t\t\t\t\t<h4 class=\"uagb-post__title uagb-post__text\">\n\t\t\t\t<a href=\"https:\/\/catedrapwe.webs.upv.es\/index.php\/2025\/01\/02\/resolucion-definitiva-premios-tfg-catedra-power-electronics-2023-2024\/\" target=\"_self\" rel=\"bookmark noopener noreferrer\">Resoluci\u00f3n Definitiva Premios TFG C\u00e1tedra Power Electronics 2023\/2024<\/a>\n\t\t\t<\/h4>\n\t\t\t\t\t\t<div class='uagb-post__text uagb-post-grid-byline'>\n\t\t\t\t\t\t\t\t<time datetime=\"2025-01-02T10:51:49+00:00\" class=\"uagb-post__date\">\n\t\t\t\t<span class=\"dashicons-calendar dashicons\"><\/span>\t\t\t\t\tenero 2, 2025\t\t\t\t<\/time>\n\t\t\t\t\t\t<\/div>\n\t\t\t\t\t\t\t<div class='uagb-post__text uagb-post__excerpt'>\n\t\t\t\t\t<p>Se publica la Resoluci\u00f3n del Rector de la Universitat Polit\u00e8cnica de Val\u00e8ncia, por la que&#8230;\t\t\t\t<\/div>\n\t\t\t\t\t\t<div class=\"uagb-post__text uagb-post__cta wp-block-button\">\n\t\t\t\t<a class=\"wp-block-button__link uagb-text-link\" style=\"\" href=\"https:\/\/catedrapwe.webs.upv.es\/index.php\/2025\/01\/02\/resolucion-definitiva-premios-tfg-catedra-power-electronics-2023-2024\/\" target=\"_self\" rel=\"bookmark noopener noreferrer\">Leer m\u00e1s<\/a>\n\t\t\t<\/div>\n\t\t\t\n\t\t\t\t\t\t\t\t\t<\/article>\n\t\t\t\t\t\t\t\t\t\t\t\t\t\t\t\t<article class=\"uagb-post__inner-wrap\">\t\t\t\t\t\t\t\t<h4 class=\"uagb-post__title uagb-post__text\">\n\t\t\t\t<a href=\"https:\/\/catedrapwe.webs.upv.es\/index.php\/2024\/12\/12\/publicacion-de-la-resolucion-provisional-premios-tfg-catedra-power-electronics-2023-2024\/\" target=\"_self\" rel=\"bookmark noopener noreferrer\">Resoluci\u00f3n Provisional Premios TFG C\u00e1tedra Power Electronics 2023\/2024<\/a>\n\t\t\t<\/h4>\n\t\t\t\t\t\t<div class='uagb-post__text uagb-post-grid-byline'>\n\t\t\t\t\t\t\t\t<time datetime=\"2024-12-12T10:44:31+00:00\" class=\"uagb-post__date\">\n\t\t\t\t<span class=\"dashicons-calendar dashicons\"><\/span>\t\t\t\t\tdiciembre 12, 2024\t\t\t\t<\/time>\n\t\t\t\t\t\t<\/div>\n\t\t\t\t\t\t\t<div class='uagb-post__text uagb-post__excerpt'>\n\t\t\t\t\t<p>Se resuelve con car\u00e1cter provisional la convocatoria de los Premios TFG 2023\/2024 de la C\u00e1tedra&#8230;\t\t\t\t<\/div>\n\t\t\t\t\t\t<div class=\"uagb-post__text uagb-post__cta wp-block-button\">\n\t\t\t\t<a class=\"wp-block-button__link uagb-text-link\" style=\"\" href=\"https:\/\/catedrapwe.webs.upv.es\/index.php\/2024\/12\/12\/publicacion-de-la-resolucion-provisional-premios-tfg-catedra-power-electronics-2023-2024\/\" target=\"_self\" rel=\"bookmark noopener noreferrer\">Leer m\u00e1s<\/a>\n\t\t\t<\/div>\n\t\t\t\n\t\t\t\t\t\t\t\t\t<\/article>\n\t\t\t\t\t\t\t\t\t\t\t\t\t\t\t\t<article class=\"uagb-post__inner-wrap\">\t\t\t\t\t\t\t\t<div class='uagb-post__image'>\n\t\t\t\t\t\t\t\t\t<a href=\"https:\/\/catedrapwe.webs.upv.es\/index.php\/2024\/07\/30\/convocatoria-de-premios-al-mejor-trabajo-de-fin-de-grado-tfg-catedra-de-power-electronics\/\" target=\"_self\" rel=\"bookmark noopener noreferrer\" class='uagb-image-ratio-inherit'><img loading=\"lazy\" decoding=\"async\" width=\"438\" height=\"438\" src=\"https:\/\/catedrapwe.webs.upv.es\/wp-content\/uploads\/2024\/07\/Imagen1.jpg\" class=\"attachment-large size-large\" alt=\"\" srcset=\"https:\/\/catedrapwe.webs.upv.es\/wp-content\/uploads\/2024\/07\/Imagen1.jpg 438w, https:\/\/catedrapwe.webs.upv.es\/wp-content\/uploads\/2024\/07\/Imagen1-300x300.jpg 300w, https:\/\/catedrapwe.webs.upv.es\/wp-content\/uploads\/2024\/07\/Imagen1-150x150.jpg 150w\" sizes=\"auto, (max-width: 438px) 100vw, 438px\" \/>\t\t\t\t\t<\/a>\n\t\t\t\t\t\t\t<\/div>\n\t\t\t\t\t\t<h4 class=\"uagb-post__title uagb-post__text\">\n\t\t\t\t<a href=\"https:\/\/catedrapwe.webs.upv.es\/index.php\/2024\/07\/30\/convocatoria-de-premios-al-mejor-trabajo-de-fin-de-grado-tfg-catedra-de-power-electronics\/\" target=\"_self\" rel=\"bookmark noopener noreferrer\">Convocatoria de Premios al mejor Trabajo de Fin de Grado (TFG) \ud83c\udfc6<\/a>\n\t\t\t<\/h4>\n\t\t\t\t\t\t<div class='uagb-post__text uagb-post-grid-byline'>\n\t\t\t\t\t\t\t\t<time datetime=\"2024-07-30T10:01:10+00:00\" class=\"uagb-post__date\">\n\t\t\t\t<span class=\"dashicons-calendar dashicons\"><\/span>\t\t\t\t\tjulio 30, 2024\t\t\t\t<\/time>\n\t\t\t\t\t\t<\/div>\n\t\t\t\t\t\t\t<div class='uagb-post__text uagb-post__excerpt'>\n\t\t\t\t\t<p>La C\u00e1tedra Power Electronics convoca una nueva edici\u00f3n de los Premios al Mejor Trabajo Final&#8230;\t\t\t\t<\/div>\n\t\t\t\t\t\t<div class=\"uagb-post__text uagb-post__cta wp-block-button\">\n\t\t\t\t<a class=\"wp-block-button__link uagb-text-link\" style=\"\" href=\"https:\/\/catedrapwe.webs.upv.es\/index.php\/2024\/07\/30\/convocatoria-de-premios-al-mejor-trabajo-de-fin-de-grado-tfg-catedra-de-power-electronics\/\" target=\"_self\" rel=\"bookmark noopener noreferrer\">Leer m\u00e1s<\/a>\n\t\t\t<\/div>\n\t\t\t\n\t\t\t\t\t\t\t\t\t<\/article>\n\t\t\t\t\t\t\t\t\t\t\t\t\t\t\t\t<article class=\"uagb-post__inner-wrap\">\t\t\t\t\t\t\t\t<div class='uagb-post__image'>\n\t\t\t\t\t\t\t\t\t<a href=\"https:\/\/catedrapwe.webs.upv.es\/index.php\/2023\/12\/01\/resolucion-premios-tfg-y-tfm\/\" target=\"_self\" rel=\"bookmark noopener noreferrer\" class='uagb-image-ratio-inherit'><img loading=\"lazy\" decoding=\"async\" width=\"1024\" height=\"683\" src=\"https:\/\/catedrapwe.webs.upv.es\/wp-content\/uploads\/2022\/01\/frs_power_electronics_photo_david_zarzoso_52-1024x683.jpg\" class=\"attachment-large size-large\" alt=\"\" srcset=\"https:\/\/catedrapwe.webs.upv.es\/wp-content\/uploads\/2022\/01\/frs_power_electronics_photo_david_zarzoso_52-1024x683.jpg 1024w, https:\/\/catedrapwe.webs.upv.es\/wp-content\/uploads\/2022\/01\/frs_power_electronics_photo_david_zarzoso_52-300x200.jpg 300w, https:\/\/catedrapwe.webs.upv.es\/wp-content\/uploads\/2022\/01\/frs_power_electronics_photo_david_zarzoso_52-768x512.jpg 768w, https:\/\/catedrapwe.webs.upv.es\/wp-content\/uploads\/2022\/01\/frs_power_electronics_photo_david_zarzoso_52-1536x1025.jpg 1536w, https:\/\/catedrapwe.webs.upv.es\/wp-content\/uploads\/2022\/01\/frs_power_electronics_photo_david_zarzoso_52.jpg 1908w\" sizes=\"auto, (max-width: 1024px) 100vw, 1024px\" \/>\t\t\t\t\t<\/a>\n\t\t\t\t\t\t\t<\/div>\n\t\t\t\t\t\t<h4 class=\"uagb-post__title uagb-post__text\">\n\t\t\t\t<a href=\"https:\/\/catedrapwe.webs.upv.es\/index.php\/2023\/12\/01\/resolucion-premios-tfg-y-tfm\/\" target=\"_self\" rel=\"bookmark noopener noreferrer\">Resoluci\u00f3n Premios TFG y TFM<\/a>\n\t\t\t<\/h4>\n\t\t\t\t\t\t<div class='uagb-post__text uagb-post-grid-byline'>\n\t\t\t\t\t\t\t\t<time datetime=\"2023-12-01T14:06:12+00:00\" class=\"uagb-post__date\">\n\t\t\t\t<span class=\"dashicons-calendar dashicons\"><\/span>\t\t\t\t\tdiciembre 1, 2023\t\t\t\t<\/time>\n\t\t\t\t\t\t<\/div>\n\t\t\t\t\t\t\t<div class='uagb-post__text uagb-post__excerpt'>\n\t\t\t\t\t<p>Resoluci\u00f3n del Rector de la Universitat Polit\u00e8cnica de Val\u00e8ncia, por la que se adjudican los&#8230;\t\t\t\t<\/div>\n\t\t\t\t\t\t<div class=\"uagb-post__text uagb-post__cta wp-block-button\">\n\t\t\t\t<a class=\"wp-block-button__link uagb-text-link\" style=\"\" href=\"https:\/\/catedrapwe.webs.upv.es\/index.php\/2023\/12\/01\/resolucion-premios-tfg-y-tfm\/\" target=\"_self\" rel=\"bookmark noopener noreferrer\">Leer m\u00e1s<\/a>\n\t\t\t<\/div>\n\t\t\t\n\t\t\t\t\t\t\t\t\t<\/article>\n\t\t\t\t\t\t\t\t\t\t\t\t\t\t\t\t<article class=\"uagb-post__inner-wrap\">\t\t\t\t\t\t\t\t<div class='uagb-post__image'>\n\t\t\t\t\t\t\t\t\t<a href=\"https:\/\/catedrapwe.webs.upv.es\/index.php\/2023\/02\/17\/el-programa-tecnologico-lanzado-por-power-electronics-y-la-upv-sobre-ciberseguridad-abre-su-matricula\/\" target=\"_self\" rel=\"bookmark noopener noreferrer\" class='uagb-image-ratio-inherit'><img loading=\"lazy\" decoding=\"async\" width=\"768\" height=\"512\" src=\"https:\/\/catedrapwe.webs.upv.es\/wp-content\/uploads\/2023\/02\/power_NoticiaAmpliada.jpg\" class=\"attachment-large size-large\" alt=\"\" srcset=\"https:\/\/catedrapwe.webs.upv.es\/wp-content\/uploads\/2023\/02\/power_NoticiaAmpliada.jpg 768w, https:\/\/catedrapwe.webs.upv.es\/wp-content\/uploads\/2023\/02\/power_NoticiaAmpliada-300x200.jpg 300w\" sizes=\"auto, (max-width: 768px) 100vw, 768px\" \/>\t\t\t\t\t<\/a>\n\t\t\t\t\t\t\t<\/div>\n\t\t\t\t\t\t<h4 class=\"uagb-post__title uagb-post__text\">\n\t\t\t\t<a href=\"https:\/\/catedrapwe.webs.upv.es\/index.php\/2023\/02\/17\/el-programa-tecnologico-lanzado-por-power-electronics-y-la-upv-sobre-ciberseguridad-abre-su-matricula\/\" target=\"_self\" rel=\"bookmark noopener noreferrer\">El programa tecnol\u00f3gico lanzado por Power Electronics y la UPV sobre ciberseguridad abre su matr\u00edcula<\/a>\n\t\t\t<\/h4>\n\t\t\t\t\t\t<div class='uagb-post__text uagb-post-grid-byline'>\n\t\t\t\t\t\t\t\t<time datetime=\"2023-02-17T07:24:43+00:00\" class=\"uagb-post__date\">\n\t\t\t\t<span class=\"dashicons-calendar dashicons\"><\/span>\t\t\t\t\tfebrero 17, 2023\t\t\t\t<\/time>\n\t\t\t\t\t\t<\/div>\n\t\t\t\t\t\t\t<div class='uagb-post__text uagb-post__excerpt'>\n\t\t\t\t\t<p>La ciberseguridad busca profesionales en nuestro pa\u00eds y, cada vez m\u00e1s, los perfiles expertos con&#8230;\t\t\t\t<\/div>\n\t\t\t\t\t\t<div class=\"uagb-post__text uagb-post__cta wp-block-button\">\n\t\t\t\t<a class=\"wp-block-button__link uagb-text-link\" style=\"\" href=\"https:\/\/catedrapwe.webs.upv.es\/index.php\/2023\/02\/17\/el-programa-tecnologico-lanzado-por-power-electronics-y-la-upv-sobre-ciberseguridad-abre-su-matricula\/\" target=\"_self\" rel=\"bookmark noopener noreferrer\">Leer m\u00e1s<\/a>\n\t\t\t<\/div>\n\t\t\t\n\t\t\t\t\t\t\t\t\t<\/article>\n\t\t\t\t\t\t\t\t\t\t\t<\/div>\n\t\t\t","protected":false},"excerpt":{"rendered":"","protected":false},"author":1,"featured_media":0,"parent":0,"menu_order":0,"comment_status":"closed","ping_status":"closed","template":"","meta":{"_uag_custom_page_level_css":"","site-sidebar-layout":"no-sidebar","site-content-layout":"plain-container","ast-site-content-layout":"default","site-content-style":"default","site-sidebar-style":"default","ast-global-header-display":"","ast-banner-title-visibility":"","ast-main-header-display":"","ast-hfb-above-header-display":"","ast-hfb-below-header-display":"","ast-hfb-mobile-header-display":"","site-post-title":"disabled","ast-breadcrumbs-content":"disabled","ast-featured-img":"","footer-sml-layout":"","ast-disable-related-posts":"","theme-transparent-header-meta":"","adv-header-id-meta":"","stick-header-meta":"","header-above-stick-meta":"","header-main-stick-meta":"","header-below-stick-meta":"","astra-migrate-meta-layouts":"default","ast-page-background-enabled":"default","ast-page-background-meta":{"desktop":{"background-color":"var(--ast-global-color-4)","background-image":"","background-repeat":"repeat","background-position":"center center","background-size":"auto","background-attachment":"scroll","background-type":"","background-media":"","overlay-type":"","overlay-color":"","overlay-opacity":"","overlay-gradient":""},"tablet":{"background-color":"","background-image":"","background-repeat":"repeat","background-position":"center center","background-size":"auto","background-attachment":"scroll","background-type":"","background-media":"","overlay-type":"","overlay-color":"","overlay-opacity":"","overlay-gradient":""},"mobile":{"background-color":"","background-image":"","background-repeat":"repeat","background-position":"center center","background-size":"auto","background-attachment":"scroll","background-type":"","background-media":"","overlay-type":"","overlay-color":"","overlay-opacity":"","overlay-gradient":""}},"ast-content-background-meta":{"desktop":{"background-color":"var(--ast-global-color-5)","background-image":"","background-repeat":"repeat","background-position":"center center","background-size":"auto","background-attachment":"scroll","background-type":"","background-media":"","overlay-type":"","overlay-color":"","overlay-opacity":"","overlay-gradient":""},"tablet":{"background-color":"var(--ast-global-color-5)","background-image":"","background-repeat":"repeat","background-position":"center center","background-size":"auto","background-attachment":"scroll","background-type":"","background-media":"","overlay-type":"","overlay-color":"","overlay-opacity":"","overlay-gradient":""},"mobile":{"background-color":"var(--ast-global-color-5)","background-image":"","background-repeat":"repeat","background-position":"center center","background-size":"auto","background-attachment":"scroll","background-type":"","background-media":"","overlay-type":"","overlay-color":"","overlay-opacity":"","overlay-gradient":""}},"footnotes":""},"class_list":["post-251","page","type-page","status-publish","hentry"],"uagb_featured_image_src":{"full":false,"thumbnail":false,"medium":false,"medium_large":false,"large":false,"1536x1536":false,"2048x2048":false},"uagb_author_info":{"display_name":"admin","author_link":"https:\/\/catedrapwe.webs.upv.es\/index.php\/author\/raurodro_gble16pq\/"},"uagb_comment_info":0,"uagb_excerpt":null,"_links":{"self":[{"href":"https:\/\/catedrapwe.webs.upv.es\/index.php\/wp-json\/wp\/v2\/pages\/251","targetHints":{"allow":["GET"]}}],"collection":[{"href":"https:\/\/catedrapwe.webs.upv.es\/index.php\/wp-json\/wp\/v2\/pages"}],"about":[{"href":"https:\/\/catedrapwe.webs.upv.es\/index.php\/wp-json\/wp\/v2\/types\/page"}],"author":[{"embeddable":true,"href":"https:\/\/catedrapwe.webs.upv.es\/index.php\/wp-json\/wp\/v2\/users\/1"}],"replies":[{"embeddable":true,"href":"https:\/\/catedrapwe.webs.upv.es\/index.php\/wp-json\/wp\/v2\/comments?post=251"}],"version-history":[{"count":19,"href":"https:\/\/catedrapwe.webs.upv.es\/index.php\/wp-json\/wp\/v2\/pages\/251\/revisions"}],"predecessor-version":[{"id":394,"href":"https:\/\/catedrapwe.webs.upv.es\/index.php\/wp-json\/wp\/v2\/pages\/251\/revisions\/394"}],"wp:attachment":[{"href":"https:\/\/catedrapwe.webs.upv.es\/index.php\/wp-json\/wp\/v2\/media?parent=251"}],"curies":[{"name":"wp","href":"https:\/\/api.w.org\/{rel}","templated":true}]}}